{"id":85,"date":"2025-11-13T20:12:49","date_gmt":"2025-11-13T19:12:49","guid":{"rendered":"https:\/\/fewo-meer-und-wald.de\/?page_id=85"},"modified":"2025-11-13T20:12:49","modified_gmt":"2025-11-13T19:12:49","slug":"preise-2025-2026","status":"publish","type":"page","link":"https:\/\/fewo-meer-und-wald.de\/index.php\/preise-2025-2026\/","title":{"rendered":"Preise 2025\/2026"},"content":{"rendered":"\n<figure class=\"wp-block-table aligncenter\"><table class=\"has-fixed-layout\"><tbody><tr><td class=\"has-text-align-center\" data-align=\"center\"><strong>Anzahl \u00dcbernachtungen<\/strong><\/td><td class=\"has-text-align-center\" data-align=\"center\"><strong>Preis pro \u00dcbernachtung<\/strong><\/td><td class=\"has-text-align-center\" data-align=\"center\"><strong>Preis pro Aufenthalt<\/strong><\/td><\/tr><tr><td class=\"has-text-align-center\" data-align=\"center\">3<\/td><td class=\"has-text-align-center\" data-align=\"center\">88,-\u20ac<\/td><td class=\"has-text-align-center\" data-align=\"center\">264,-\u20ac<\/td><\/tr><tr><td class=\"has-text-align-center\" data-align=\"center\">4<\/td><td class=\"has-text-align-center\" data-align=\"center\">82,50\u20ac<\/td><td class=\"has-text-align-center\" data-align=\"center\">330,-\u20ac<\/td><\/tr><tr><td class=\"has-text-align-center\" data-align=\"center\">5<\/td><td class=\"has-text-align-center\" data-align=\"center\">79,-\u20ac<\/td><td class=\"has-text-align-center\" data-align=\"center\">395,-\u20ac<\/td><\/tr><tr><td class=\"has-text-align-center\" data-align=\"center\">6<\/td><td class=\"has-text-align-center\" data-align=\"center\">77,-\u20ac<\/td><td class=\"has-text-align-center\" data-align=\"center\">460,-\u20ac<\/td><\/tr><tr><td class=\"has-text-align-center\" data-align=\"center\">7<\/td><td class=\"has-text-align-center\" data-align=\"center\">75,-\u20ac<\/td><td class=\"has-text-align-center\" data-align=\"center\">525,-\u20ac<\/td><\/tr><tr><td class=\"has-text-align-center\" data-align=\"center\">ab 7 \u00dcN<\/td><td class=\"has-text-align-center\" data-align=\"center\">72,-\u20ac<\/td><td class=\"has-text-align-center\" data-align=\"center\">72 x Anz. \u00dcN<\/td><\/tr><\/tbody><\/table><\/figure>\n\n\n\n<p>Die Preise enthalten Endreinigung und Mehrwertsteuer.<\/p>\n\n\n\n<h2 class=\"wp-block-heading\">Kurabgabe<\/h2>\n\n\n\n<p>Zuz\u00fcglich zum \u00dcbernachtungspreis ist die Kurabgabe zu entrichten.<\/p>\n\n\n\n<p>Die Kurabgabe dient der Stadt K\u00fchlungsborn z.B. der Strandreinigung, M\u00fcllentsorgung am Strand und in den Kuranlagen (z.B. Konzertg\u00e4rten), der Unterhaltung \u00f6ffentlicher Toiletten, dem kostenfreien Veranstaltungs- und Unterhaltungsangebot sowie Strand- und Badesicherheit, Wasserwacht, Sportanlagen, Kinderspielpl\u00e4tze, Spielger\u00e4te etc. <\/p>\n\n\n\n<p>Mit der Zahlung erhalten Sie von uns Ihre <strong>K\u00fcsten Karte<\/strong>. Diese Karte ist auch in den Nachbargemeinden g\u00fcltig und berechtigt Sie auch dort zur Nutzung der Str\u00e4nde und zur Inanspruchnahme von Verg\u00fcnstigungen. <a href=\"https:\/\/www.kuehlungsborn.de\/service\/kuesten-karte\/\">https:\/\/www.kuehlungsborn.de\/service\/kuesten-karte\/<\/a> <\/p>\n\n\n\n<p><strong>Kurtaxe K\u00fchlungsborn:<\/strong><\/p>\n\n\n\n<p><em>Hauptsaison&nbsp;(1. Mai bis 30. September):<\/em><br>3,00 Euro p.P. und Nacht<\/p>\n\n\n\n<p><em>Nebensaison (1. Oktober bis 30. April):<\/em><br>1,60 Euro&nbsp;p.P. und Nacht<\/p>\n\n\n\n<p><strong>*Befreiung f\u00fcr folgende Personengruppen:<\/strong><br>&#8211; Kinder \/ Jugendliche unter 16 Jahren<br>&#8211; Personen mit einem Behinderungsgrad von 100\u00a0und\u00a0Begleitpersonen von Schwerbehinderten<\/p>\n\n\n\n<p><\/p>\n","protected":false},"excerpt":{"rendered":"<p>Anzahl \u00dcbernachtungen Preis pro \u00dcbernachtung Preis pro Aufenthalt 3 88,-\u20ac 264,-\u20ac 4 82,50\u20ac 330,-\u20ac 5 79,-\u20ac 395,-\u20ac 6 77,-\u20ac 460,-\u20ac 7 75,-\u20ac 525,-\u20ac ab 7 \u00dcN 72,-\u20ac 72 x Anz. \u00dcN Die Preise enthalten Endreinigung und Mehrwertsteuer. Kurabgabe Zuz\u00fcglich zum \u00dcbernachtungspreis ist die Kurabgabe zu entrichten. Die Kurabgabe dient der Stadt K\u00fchlungsborn z.B. der Strandreinigung, [&hellip;]<\/p>\n","protected":false},"author":1,"featured_media":0,"parent":0,"menu_order":0,"comment_status":"closed","ping_status":"closed","template":"","meta":{"footnotes":""},"class_list":["post-85","page","type-page","status-publish","hentry"],"_links":{"self":[{"href":"https:\/\/fewo-meer-und-wald.de\/index.php\/wp-json\/wp\/v2\/pages\/85","targetHints":{"allow":["GET"]}}],"collection":[{"href":"https:\/\/fewo-meer-und-wald.de\/index.php\/wp-json\/wp\/v2\/pages"}],"about":[{"href":"https:\/\/fewo-meer-und-wald.de\/index.php\/wp-json\/wp\/v2\/types\/page"}],"author":[{"embeddable":true,"href":"https:\/\/fewo-meer-und-wald.de\/index.php\/wp-json\/wp\/v2\/users\/1"}],"replies":[{"embeddable":true,"href":"https:\/\/fewo-meer-und-wald.de\/index.php\/wp-json\/wp\/v2\/comments?post=85"}],"version-history":[{"count":1,"href":"https:\/\/fewo-meer-und-wald.de\/index.php\/wp-json\/wp\/v2\/pages\/85\/revisions"}],"predecessor-version":[{"id":86,"href":"https:\/\/fewo-meer-und-wald.de\/index.php\/wp-json\/wp\/v2\/pages\/85\/revisions\/86"}],"wp:attachment":[{"href":"https:\/\/fewo-meer-und-wald.de\/index.php\/wp-json\/wp\/v2\/media?parent=85"}],"curies":[{"name":"wp","href":"https:\/\/api.w.org\/{rel}","templated":true}]}}